{"id":10,"date":"2024-10-10T20:32:24","date_gmt":"2024-10-10T20:32:24","guid":{"rendered":"https:\/\/interapia.com.br\/contact\/"},"modified":"2025-05-26T02:45:10","modified_gmt":"2025-05-26T02:45:10","slug":"contact","status":"publish","type":"page","link":"https:\/\/interapia.com.br\/?page_id=10","title":{"rendered":"Contato"},"content":{"rendered":"\n<div class=\"wp-block-uagb-container uagb-block-6c7acc9c alignfull uagb-is-root-container\"><div class=\"uagb-container-inner-blocks-wrap\">\n<div class=\"wp-block-uagb-info-box uagb-block-2bfeb886 uagb-infobox__content-wrap  uagb-infobox-icon-above-title uagb-infobox-image-valign-top wp-block-uagb-info-box--has-margin\"><div class=\"uagb-infobox-margin-wrapper\"><div class=\"uagb-ifb-content\"><div class=\"uagb-ifb-title-wrap\"><div class=\"uagb-ifb-separator\"><\/div><h1 class=\"uagb-ifb-title\">A sua Sa\u00fade Mental em primeiro lugar<\/h1><\/div><p class=\"uagb-ifb-desc\"> Saiba mais<\/p><\/div><\/div><\/div>\n<\/div><\/div>\n\n\n\n<p><\/p>\n\n\n\n<p><\/p>\n\n\n\n<div class=\"wp-block-uagb-container uagb-block-c262cb2c alignfull uagb-is-root-container\"><div class=\"uagb-container-inner-blocks-wrap\">\n<figure class=\"wp-block-image aligncenter size-large is-resized\"><img loading=\"lazy\" decoding=\"async\" width=\"1024\" height=\"576\" src=\"https:\/\/interapia.com.br\/wp-content\/uploads\/2024\/11\/Mapa-terapia-Fundo-virtual-para-Zoom-1-1024x576.png\" alt=\"\" class=\"wp-image-1579\" style=\"width:961px;height:auto\" srcset=\"https:\/\/interapia.com.br\/wp-content\/uploads\/2024\/11\/Mapa-terapia-Fundo-virtual-para-Zoom-1-1024x576.png 1024w, https:\/\/interapia.com.br\/wp-content\/uploads\/2024\/11\/Mapa-terapia-Fundo-virtual-para-Zoom-1-300x169.png 300w, https:\/\/interapia.com.br\/wp-content\/uploads\/2024\/11\/Mapa-terapia-Fundo-virtual-para-Zoom-1-768x432.png 768w, https:\/\/interapia.com.br\/wp-content\/uploads\/2024\/11\/Mapa-terapia-Fundo-virtual-para-Zoom-1.png 1280w\" sizes=\"auto, (max-width: 1024px) 100vw, 1024px\" \/><\/figure>\n<\/div><\/div>\n\n\n\n<p><\/p>\n\n\n\n<p><\/p>\n\n\n\n<p><\/p>\n\n\n\n<div class=\"wp-block-uagb-container uagb-block-055500cb alignfull uagb-is-root-container\">\n<div class=\"wp-block-uagb-image uagb-block-ebba9827 wp-block-uagb-image--layout-default wp-block-uagb-image--effect-static wp-block-uagb-image--align-none\"><figure class=\"wp-block-uagb-image__figure\"><img decoding=\"async\" srcset=\"https:\/\/interapia.com.br\/wp-content\/uploads\/2021\/04\/logo-1.svg ,https:\/\/interapia.com.br\/wp-content\/uploads\/2021\/04\/logo-1.svg 780w, https:\/\/interapia.com.br\/wp-content\/uploads\/2021\/04\/logo-1.svg 360w\" sizes=\"auto, (max-width: 480px) 150px\" src=\"https:\/\/interapia.com.br\/wp-content\/uploads\/2021\/04\/logo-1.svg\" alt=\"\" class=\"uag-image-829\" width=\"143\" height=\"80\" title=\"logo-1\" loading=\"lazy\" role=\"img\"\/><\/figure><\/div>\n<\/div>\n\n\n\n<div class=\"wp-block-uagb-container uagb-block-7cd91a23 alignfull uagb-is-root-container\"><div class=\"uagb-container-inner-blocks-wrap\">\n<div class=\"wp-block-uagb-container uagb-block-3ca63887\">\n<div class=\"wp-block-uagb-info-box uagb-block-485cdca9 uagb-infobox__content-wrap  uagb-infobox-icon-above-title uagb-infobox-image-valign-top\"><div class=\"uagb-ifb-content\"><div class=\"uagb-ifb-icon-wrap\"><svg xmlns=\"https:\/\/www.w3.org\/2000\/svg\" viewBox=\"0 0 512 512\"><path d=\"M511.2 387l-23.25 100.8c-3.266 14.25-15.79 24.22-30.46 24.22C205.2 512 0 306.8 0 54.5c0-14.66 9.969-27.2 24.22-30.45l100.8-23.25C139.7-2.602 154.7 5.018 160.8 18.92l46.52 108.5c5.438 12.78 1.77 27.67-8.98 36.45L144.5 207.1c33.98 69.22 90.26 125.5 159.5 159.5l44.08-53.8c8.688-10.78 23.69-14.51 36.47-8.975l108.5 46.51C506.1 357.2 514.6 372.4 511.2 387z\"><\/path><\/svg><\/div><div class=\"uagb-ifb-title-wrap\"><h4 class=\"uagb-ifb-title\">Fone:<\/h4><\/div><p class=\"uagb-ifb-desc\">+11 94297-2587<br><\/p><\/div><\/div>\n<\/div>\n\n\n\n<div class=\"wp-block-uagb-container uagb-block-5ec73ccd\">\n<div class=\"wp-block-uagb-info-box uagb-block-5a67b573 uagb-infobox__content-wrap  uagb-infobox-icon-above-title uagb-infobox-image-valign-top\"><div class=\"uagb-ifb-content\"><div class=\"uagb-ifb-icon-wrap\"><svg xmlns=\"https:\/\/www.w3.org\/2000\/svg\" viewBox=\"0 0 512 512\"><path d=\"M447 56.25C443.5 42 430.7 31.1 416 31.1H96c-14.69 0-27.47 10-31.03 24.25L3.715 304.9C1.247 314.9 0 325.2 0 335.5v96.47c0 26.51 21.49 48 48 48h416c26.51 0 48-21.49 48-48v-96.47c0-10.32-1.247-20.6-3.715-30.61L447 56.25zM352 352H160L128 288H72.97L121 96h270l48.03 192H384L352 352z\"><\/path><\/svg><\/div><div class=\"uagb-ifb-title-wrap\"><h4 class=\"uagb-ifb-title\">Email Address<\/h4><\/div><p class=\"uagb-ifb-desc\">contato@interapia.com.br<br><\/p><\/div><\/div>\n<\/div>\n\n\n\n<div class=\"wp-block-uagb-container uagb-block-1c80430d\">\n<div class=\"wp-block-uagb-info-box uagb-block-90b10fec uagb-infobox__content-wrap  uagb-infobox-icon-above-title uagb-infobox-image-valign-top\"><div class=\"uagb-ifb-content\"><div class=\"uagb-ifb-icon-wrap\"><svg xmlns=\"https:\/\/www.w3.org\/2000\/svg\" viewBox=\"0 0 384 512\"><path d=\"M168.3 499.2C116.1 435 0 279.4 0 192C0 85.96 85.96 0 192 0C298 0 384 85.96 384 192C384 279.4 267 435 215.7 499.2C203.4 514.5 180.6 514.5 168.3 499.2H168.3zM192 256C227.3 256 256 227.3 256 192C256 156.7 227.3 128 192 128C156.7 128 128 156.7 128 192C128 227.3 156.7 256 192 256z\"><\/path><\/svg><\/div><div class=\"uagb-ifb-title-wrap\"><h4 class=\"uagb-ifb-title\">Online<\/h4><\/div><p class=\"uagb-ifb-desc\">SP<\/p><\/div><\/div>\n<\/div>\n<\/div><\/div>\n\n\n\n<p><\/p>\n\n\n\n<p><\/p>\n\n\n\n<p><\/p>\n\n\n\n<p><\/p>\n\n\n\n<div class=\"wp-block-uagb-container uagb-block-ea618dc0 alignfull uagb-is-root-container\"><div class=\"uagb-container-inner-blocks-wrap\">\n<div class=\"wp-block-uagb-info-box uagb-block-176ea31a uagb-infobox__content-wrap  uagb-infobox-icon-above-title uagb-infobox-image-valign-top wp-block-uagb-info-box--has-margin\"><div class=\"uagb-infobox-margin-wrapper\"><div class=\"uagb-ifb-content\"><div class=\"uagb-ifb-title-wrap\"><div class=\"uagb-ifb-separator\"><\/div><h2 class=\"uagb-ifb-title\">Vamos conversar<\/h2><\/div><p class=\"uagb-ifb-desc\">Cuide da sua sa\u00fade mental: d\u00ea o primeiro passo para uma vida com mais equil\u00edbrio e bem-estar. A psicoterapia pode transformar sua forma de lidar com desafios e abrir caminhos para o autoconhecimento. Agende sua sess\u00e3o!&#8221;.<\/p><\/div><\/div><\/div>\n\n\n\n<div class=\"wp-block-uagb-container uagb-block-9e488954\">\n<div class=\"wp-block-uagb-info-box uagb-block-32252f1d uagb-infobox__content-wrap  uagb-infobox-icon-above-title uagb-infobox-image-valign-top wp-block-uagb-info-box--has-margin\"><div class=\"uagb-infobox-margin-wrapper\"><div class=\"uagb-ifb-content\"><div class=\"uagb-ifb-title-wrap\"><div class=\"uagb-ifb-separator\"><\/div><h2 class=\"uagb-ifb-title\">Agende seu hor\u00e1rio<\/h2><\/div><\/div><\/div><\/div>\n\n\n\n<div class=\"wp-block-uagb-forms uagb-forms__outer-wrap uagb-block-8599dc1c uagb-forms__default-btn\"><form class=\"uagb-forms-main-form\" method=\"post\" autocomplete=\"on\" name=\"uagb-form-8599dc1c\">\n<div class=\"wp-block-uagb-forms-name uagb-forms-name-wrap uagb-forms-field-set uagb-block-24c56da7 uag-col-2\"><div class=\"uagb-forms-name-label required uagb-forms-input-label\" id=\"24c56da7\">First Name<\/div><input type=\"text\" placeholder=\"Nome\" required class=\"uagb-forms-name-input uagb-forms-input\" name=\"24c56da7\" autocomplete=\"given-name\"\/><\/div>\n\n\n\n<div class=\"wp-block-uagb-forms-name uagb-forms-name-wrap uagb-forms-field-set uagb-block-15c2a20b uag-col-2\"><div class=\"uagb-forms-name-label required uagb-forms-input-label\" id=\"15c2a20b\">Last Name<\/div><input type=\"text\" placeholder=\"Sobrenome\" required class=\"uagb-forms-name-input uagb-forms-input\" name=\"15c2a20b\" autocomplete=\"family-name\"\/><\/div>\n\n\n\n<div class=\"wp-block-uagb-forms-email uagb-forms-email-wrap uagb-forms-field-set uagb-block-f6c8ca4a\"><div class=\"uagb-forms-email-label required uagb-forms-input-label\" id=\"f6c8ca4a\">Email<\/div><input type=\"email\" class=\"uagb-forms-email-input uagb-forms-input\" placeholder=\"Email\" required name=\"f6c8ca4a\" autocomplete=\"email\"\/><\/div>\n\n\n\n<div class=\"wp-block-uagb-forms-textarea uagb-forms-textarea-wrap uagb-forms-field-set uagb-block-eb8d55c7\"><div class=\"uagb-forms-textarea-label required uagb-forms-input-label\" id=\"eb8d55c7\">Message<\/div><textarea required class=\"uagb-forms-textarea-input uagb-forms-input\" rows=\"4\" placeholder=\"Digite sua mensagem\" name=\"eb8d55c7\" autocomplete=\"off\"><\/textarea><\/div>\n<div class=\"uagb-forms-form-hidden-data\"><input type=\"hidden\" class=\"uagb_forms_form_label\" value=\"Spectra Form\"\/><input type=\"hidden\" class=\"uagb_forms_form_id\" value=\"uagb-form-8599dc1c\"\/><\/div><div class=\"uagb-form-reacaptcha-error-8599dc1c\"><\/div><div class=\"uagb-forms-main-submit-button-wrap wp-block-button\"><button class=\"uagb-forms-main-submit-button wp-block-button__link\"><div class=\"uagb-forms-main-submit-button-text\">Enviar <\/div><\/button><\/div><\/form><div class=\"uagb-forms-success-message-8599dc1c uagb-forms-submit-message-hide\"><span>Sua mensagem foi enviada com sucesso.<\/span><\/div><div class=\"uagb-forms-failed-message-8599dc1c uagb-forms-submit-message-hide\"><span>Erro ao enviar a mensagem. Tente novamente mais tarde.<\/span><\/div><\/div>\n<\/div>\n<\/div><\/div>\n","protected":false},"excerpt":{"rendered":"","protected":false},"author":1,"featured_media":1662,"parent":0,"menu_order":0,"comment_status":"closed","ping_status":"closed","template":"","meta":{"_uag_custom_page_level_css":"","site-sidebar-layout":"no-sidebar","site-content-layout":"plain-container","ast-site-content-layout":"normal-width-container","site-content-style":"unboxed","site-sidebar-style":"unboxed","ast-global-header-display":"","ast-banner-title-visibility":"","ast-main-header-display":"","ast-hfb-above-header-display":"","ast-hfb-below-header-display":"","ast-hfb-mobile-header-display":"","site-post-title":"disabled","ast-breadcrumbs-content":"","ast-featured-img":"disabled","footer-sml-layout":"","ast-disable-related-posts":"","theme-transparent-header-meta":"enabled","adv-header-id-meta":"","stick-header-meta":"","header-above-stick-meta":"","header-main-stick-meta":"","header-below-stick-meta":"","astra-migrate-meta-layouts":"set","ast-page-background-enabled":"default","ast-page-background-meta":{"desktop":{"background-color":"var(--ast-global-color-4)","background-image":"","background-repeat":"repeat","background-position":"center center","background-size":"auto","background-attachment":"scroll","background-type":"","background-media":"","overlay-type":"","overlay-color":"","overlay-opacity":"","overlay-gradient":""},"tablet":{"background-color":"","background-image":"","background-repeat":"repeat","background-position":"center center","background-size":"auto","background-attachment":"scroll","background-type":"","background-media":"","overlay-type":"","overlay-color":"","overlay-opacity":"","overlay-gradient":""},"mobile":{"background-color":"","background-image":"","background-repeat":"repeat","background-position":"center center","background-size":"auto","background-attachment":"scroll","background-type":"","background-media":"","overlay-type":"","overlay-color":"","overlay-opacity":"","overlay-gradient":""}},"ast-content-background-meta":{"desktop":{"background-color":"var(--ast-global-color-5)","background-image":"","background-repeat":"repeat","background-position":"center center","background-size":"auto","background-attachment":"scroll","background-type":"","background-media":"","overlay-type":"","overlay-color":"","overlay-opacity":"","overlay-gradient":""},"tablet":{"background-color":"var(--ast-global-color-5)","background-image":"","background-repeat":"repeat","background-position":"center center","background-size":"auto","background-attachment":"scroll","background-type":"","background-media":"","overlay-type":"","overlay-color":"","overlay-opacity":"","overlay-gradient":""},"mobile":{"background-color":"var(--ast-global-color-5)","background-image":"","background-repeat":"repeat","background-position":"center center","background-size":"auto","background-attachment":"scroll","background-type":"","background-media":"","overlay-type":"","overlay-color":"","overlay-opacity":"","overlay-gradient":""}},"footnotes":""},"class_list":["post-10","page","type-page","status-publish","has-post-thumbnail","hentry"],"aioseo_notices":[],"uagb_featured_image_src":{"full":["https:\/\/interapia.com.br\/wp-content\/uploads\/2024\/11\/contato.png",1920,754,false],"thumbnail":["https:\/\/interapia.com.br\/wp-content\/uploads\/2024\/11\/contato-150x150.png",150,150,true],"medium":["https:\/\/interapia.com.br\/wp-content\/uploads\/2024\/11\/contato-300x118.png",300,118,true],"medium_large":["https:\/\/interapia.com.br\/wp-content\/uploads\/2024\/11\/contato-768x302.png",768,302,true],"large":["https:\/\/interapia.com.br\/wp-content\/uploads\/2024\/11\/contato-1024x402.png",1024,402,true],"1536x1536":["https:\/\/interapia.com.br\/wp-content\/uploads\/2024\/11\/contato-1536x603.png",1536,603,true],"2048x2048":["https:\/\/interapia.com.br\/wp-content\/uploads\/2024\/11\/contato.png",1920,754,false]},"uagb_author_info":{"display_name":"psicologa_carlacamargo@hotmail.com","author_link":"https:\/\/interapia.com.br\/?author=1"},"uagb_comment_info":0,"uagb_excerpt":null,"_links":{"self":[{"href":"https:\/\/interapia.com.br\/index.php?rest_route=\/wp\/v2\/pages\/10","targetHints":{"allow":["GET"]}}],"collection":[{"href":"https:\/\/interapia.com.br\/index.php?rest_route=\/wp\/v2\/pages"}],"about":[{"href":"https:\/\/interapia.com.br\/index.php?rest_route=\/wp\/v2\/types\/page"}],"author":[{"embeddable":true,"href":"https:\/\/interapia.com.br\/index.php?rest_route=\/wp\/v2\/users\/1"}],"replies":[{"embeddable":true,"href":"https:\/\/interapia.com.br\/index.php?rest_route=%2Fwp%2Fv2%2Fcomments&post=10"}],"version-history":[{"count":19,"href":"https:\/\/interapia.com.br\/index.php?rest_route=\/wp\/v2\/pages\/10\/revisions"}],"predecessor-version":[{"id":1868,"href":"https:\/\/interapia.com.br\/index.php?rest_route=\/wp\/v2\/pages\/10\/revisions\/1868"}],"wp:featuredmedia":[{"embeddable":true,"href":"https:\/\/interapia.com.br\/index.php?rest_route=\/wp\/v2\/media\/1662"}],"wp:attachment":[{"href":"https:\/\/interapia.com.br\/index.php?rest_route=%2Fwp%2Fv2%2Fmedia&parent=10"}],"curies":[{"name":"wp","href":"https:\/\/api.w.org\/{rel}","templated":true}]}}